{"id":4811,"date":"2025-06-06T07:34:49","date_gmt":"2025-06-06T06:34:49","guid":{"rendered":"https:\/\/pixel-play.nl\/allgemeine-geschaeftsbedingungen\/"},"modified":"2025-11-05T15:17:47","modified_gmt":"2025-11-05T14:17:47","slug":"allgemeine-geschaeftsbedingungen","status":"publish","type":"page","link":"https:\/\/pixel-play.nl\/de\/allgemeine-geschaeftsbedingungen\/","title":{"rendered":"Allgemeine Gesch\u00e4ftsbedingungen"},"content":{"rendered":"\n<h3 class=\"wp-block-heading has-white-color has-text-color has-link-color wp-elements-d97b1711c76c6d5130a1be90e3b428b2\"><br\/><br\/><br\/><br\/><strong>1. Definitionen<\/strong><\/h3>\n\n<p class=\"has-white-color has-text-color has-link-color wp-elements-ec3b917db20dee79f97b5fe2a919e404\">In diesen allgemeinen Gesch\u00e4ftsbedingungen versteht man unter:<\/p>\n\n<ul class=\"wp-block-list\">\n<li class=\"has-white-color has-text-color has-link-color wp-elements-2ac59f5cf19bfcd950be63f7382aed27\"><strong>Pixel-Play<\/strong>: die private Gesellschaft mit beschr\u00e4nkter Haftung Pixel-Play B.V., eingetragen bei der KvK unter der Nummer 96644192.<\/li>\n\n\n\n<li class=\"has-white-color has-text-color has-link-color wp-elements-4725c80693dc9b878bba82bd35f69341\"><strong>Kunde<\/strong>: jede nat\u00fcrliche oder juristische Person, die mit Pixel-Play eine Vereinbarung zur Teilnahme an oder zur Organisation einer Aktivit\u00e4t eingeht.<\/li>\n\n\n\n<li class=\"has-white-color has-text-color has-link-color wp-elements-02c3ade0453606d6c645d6761d1a8dc4\"><strong>Teilnehmer<\/strong>: jede Person, die tats\u00e4chlich an der Aktivit\u00e4t teilnimmt.<\/li>\n\n\n\n<li class=\"has-white-color has-text-color has-link-color wp-elements-e8a1f4932272e35b8449eee29d9f4ca3\"><strong>Aktivit\u00e4t<\/strong>: das von Pixel-Play organisierte Indoor-Spiel vor Ort.<\/li>\n<\/ul>\n\n<hr class=\"wp-block-separator has-alpha-channel-opacity\"\/>\n\n<h3 class=\"wp-block-heading has-white-color has-text-color has-link-color wp-elements-a6d6a9e8019828de03a30d246dab0954\"><strong>2. Firmenangaben<\/strong><\/h3>\n\n<p class=\"has-white-color has-text-color has-link-color wp-elements-8015bec7464a31a16de4129aac6e8959\">Pixel-Play B.V.<br\/>KvK-Nummer: 96644192<br\/>USt-IdNr.: NL867696552B01<br\/>Website: <a class=\"\" href=\"https:\/\/pixel-play.nl\">www.staging.pixel-play.nl<\/a><br\/>E-Mail-Adresse: info@pixel-play.nl<br\/><\/p>\n\n<hr class=\"wp-block-separator has-alpha-channel-opacity\"\/>\n\n<h3 class=\"wp-block-heading has-white-color has-text-color has-link-color wp-elements-796c8fdce5394c547466a1db34acf9d7\"><strong>3. Anwendbarkeit<\/strong><\/h3>\n\n<p class=\"has-white-color has-text-color has-link-color wp-elements-cfc7d2f83f7f1a63aac23ea77e890483\">Diese Bedingungen gelten f\u00fcr alle Reservierungen, Aktivit\u00e4ten und Vereinbarungen von Pixel-Play, sofern nicht ausdr\u00fccklich schriftlich etwas anderes vereinbart wurde.<\/p>\n\n<hr class=\"wp-block-separator has-alpha-channel-opacity\"\/>\n\n<h3 class=\"wp-block-heading has-white-color has-text-color has-link-color wp-elements-d11bcbefcb33b8ad010c10c48af1b310\"><strong>4. Aktivit\u00e4t<\/strong><\/h3>\n\n<p class=\"has-white-color has-text-color has-link-color wp-elements-181825117520e80d88c0dd323c7baa7a\">Pixel-Play bietet ein physisches Indoor-Spielerlebnis, das f\u00fcr Kinder und Erwachsene geeignet ist und auf Teamwork, Geschwindigkeit und Herausforderung ausgerichtet ist. Die Spiele finden an festen Standorten in Zusammenarbeit mit Freizeitzentren statt. <\/p>\n\n<hr class=\"wp-block-separator has-alpha-channel-opacity\"\/>\n\n<h3 class=\"wp-block-heading has-white-color has-text-color has-link-color wp-elements-766bc09503d0b72d32331c60a3e2e2cb\"><strong>5. Reservierung und Bezahlung<\/strong><\/h3>\n\n<ul class=\"wp-block-list\">\n<li class=\"has-white-color has-text-color has-link-color wp-elements-50b52163e396aef2150d51b8d7f13ce0\">Reservierungen k\u00f6nnen \u00fcber die Website, per Telefon oder E-Mail vorgenommen werden.<\/li>\n\n\n\n<li class=\"has-white-color has-text-color has-link-color wp-elements-e41e8d0f3fc93575a40d31927a1012b3\">Pixel-Play empfiehlt maximal 5 Spieler pro Sitzung, sofern nichts anderes vereinbart wurde.<\/li>\n\n\n\n<li class=\"has-white-color has-text-color has-link-color wp-elements-a06653a5e58dc4e83f44307b87d28209\">Je nach Standort kann eine vollst\u00e4ndige Vorauszahlung oder eine Anzahlung erforderlich sein. Dies wird bei der Buchung angegeben. <\/li>\n\n\n\n<li class=\"has-white-color has-text-color has-link-color wp-elements-6bb7e1dcacd16ef6fc603542515abeeb\">Die Reservierung ist erst nach Best\u00e4tigung per E-Mail oder \u00fcber das Reservierungssystem endg\u00fcltig.<\/li>\n<\/ul>\n\n<hr class=\"wp-block-separator has-alpha-channel-opacity\"\/>\n\n<h3 class=\"wp-block-heading has-white-color has-text-color has-link-color wp-elements-2100c55b4cf677e239d309c03a4279a9\"><strong>6. Stornierung und \u00c4nderung<\/strong><\/h3>\n\n<ul class=\"wp-block-list\">\n<li class=\"has-white-color has-text-color has-link-color wp-elements-c9019aace30a438a63607c70f05d755d\">Bis 24 Stunden vor der reservierten Zeit kann kostenlos storniert oder ge\u00e4ndert werden.<\/li>\n\n\n\n<li class=\"has-white-color has-text-color has-link-color wp-elements-80422d08f076e3068fcbb3c4f6d93695\">Bei Stornierung innerhalb von 24 Stunden oder Nichterscheinen kann der volle Betrag in Rechnung gestellt werden.<\/li>\n\n\n\n<li class=\"has-white-color has-text-color has-link-color wp-elements-3889405f60297d4c354184b66702ba26\">Bei technischen St\u00f6rungen oder anderer h\u00f6herer Gewalt seitens Pixel-Play wird kostenlos ein neuer Termin vereinbart.<\/li>\n<\/ul>\n\n<hr class=\"wp-block-separator has-alpha-channel-opacity\"\/>\n\n<h3 class=\"wp-block-heading has-white-color has-text-color has-link-color wp-elements-0aaa55f2bb0d51140ccacb2db667c651\"><strong>7. Verantwortung und Aufsicht<\/strong><\/h3>\n\n<ul class=\"wp-block-list\">\n<li class=\"has-white-color has-text-color has-link-color wp-elements-abbb85abe7213e4a5f956e4334fcfeda\">Pixel-Play ist verantwortlich f\u00fcr das ordnungsgem\u00e4\u00dfe Funktionieren der Ger\u00e4te und die Betreuung, sofern vereinbart.<\/li>\n\n\n\n<li class=\"has-white-color has-text-color has-link-color wp-elements-ffac8bb7e338edb873d5bdc06633e55c\">Der Kunde ist verantwortlich f\u00fcr das Verhalten der Teilnehmer und die Gew\u00e4hrleistung der Sicherheit.<\/li>\n\n\n\n<li class=\"has-white-color has-text-color has-link-color wp-elements-aa0b0cca5480875a0ab7e581bd2fd383\">Bei Aktivit\u00e4ten mit Kindern ist der Kunde verpflichtet, selbst f\u00fcr eine ausreichende Betreuung durch Erwachsene zu sorgen.<\/li>\n<\/ul>\n\n<hr class=\"wp-block-separator has-alpha-channel-opacity\"\/>\n\n<h3 class=\"wp-block-heading has-white-color has-text-color has-link-color wp-elements-8ec5a3f64ef8d96ddc98b609fc3d1353\"><strong>8. Haftung<\/strong><\/h3>\n\n<ul class=\"wp-block-list\">\n<li class=\"has-white-color has-text-color has-link-color wp-elements-8549d98063140b2e1d6876745e9ae04b\">Die Teilnahme erfolgt auf eigenes Risiko.<\/li>\n\n\n\n<li class=\"has-white-color has-text-color has-link-color wp-elements-7f38c1a1a7f5c755b2b3ce5d56ae34d4\">Pixel-Play haftet nicht f\u00fcr Personensch\u00e4den oder Sch\u00e4den, die durch unsachgem\u00e4\u00dfe Nutzung des Spiels oder Nichtbeachtung der Anweisungen entstehen.<\/li>\n\n\n\n<li class=\"has-white-color has-text-color has-link-color wp-elements-c9f940dbd954397136a480335cb034bb\">Pixel-Play haftet nicht f\u00fcr indirekte Sch\u00e4den, wie z. B. entgangene Einnahmen.<\/li>\n\n\n\n<li class=\"has-white-color has-text-color has-link-color wp-elements-5b4bd32e2a0fc2c398a3505435e9c657\">Sch\u00e4den an Ger\u00e4ten durch vors\u00e4tzlichen Missbrauch k\u00f6nnen in Rechnung gestellt werden.<\/li>\n<\/ul>\n\n<hr class=\"wp-block-separator has-alpha-channel-opacity\"\/>\n\n<h3 class=\"wp-block-heading has-white-color has-text-color has-link-color wp-elements-0e3edd3a138aa428a06e0e0ea60bed6d\"><strong>9. Verwendung von Material<\/strong><\/h3>\n\n<ul class=\"wp-block-list\">\n<li class=\"has-white-color has-text-color has-link-color wp-elements-c0d71ca892ae49ace71c892b22fa48ea\">Alle Spielmaterialien bleiben Eigentum von Pixel-Play.<\/li>\n\n\n\n<li class=\"has-white-color has-text-color has-link-color wp-elements-f7f7bc35a072f77322e106205d1735d4\">Besch\u00e4digung oder Verlust von Materialien wird nur bei Vorsatz oder r\u00fccksichtslosem Verhalten in Rechnung gestellt.<\/li>\n<\/ul>\n\n<hr class=\"wp-block-separator has-alpha-channel-opacity\"\/>\n\n<h3 class=\"wp-block-heading has-white-color has-text-color has-link-color wp-elements-e0f784aba60293f5d0a04b080342f350\"><strong>10. Verhalten und Sicherheit<\/strong><\/h3>\n\n<ul class=\"wp-block-list\">\n<li class=\"has-white-color has-text-color has-link-color wp-elements-445c88606c77a967657ca0a47d8905d7\">Die Teilnahme barfu\u00df oder mit Hausschuhen ist verboten.<\/li>\n\n\n\n<li class=\"has-white-color has-text-color has-link-color wp-elements-5ad564afa114043147c89969f91b4369\">Bei gef\u00e4hrlichem oder st\u00f6rendem Verhalten beh\u00e4lt sich Pixel-Play das Recht vor, die Teilnahme ohne R\u00fcckerstattung zu verweigern oder zu beenden.<\/li>\n<\/ul>\n\n<hr class=\"wp-block-separator has-alpha-channel-opacity\"\/>\n\n<h3 class=\"wp-block-heading has-white-color has-text-color has-link-color wp-elements-f272c5c8e1294a285259d7db93608040\"><strong>11. H\u00f6here Gewalt<\/strong><\/h3>\n\n<ul class=\"wp-block-list\">\n<li class=\"has-white-color has-text-color has-link-color wp-elements-7168690dc2eca0ebfb67badd7e6602e8\">Aktivit\u00e4ten finden immer drinnen statt, aber im Falle h\u00f6herer Gewalt (Technik, Krankheit des Personals, staatliche Ma\u00dfnahmen) beh\u00e4lt sich Pixel-Play das Recht vor, die Aktivit\u00e4t ohne Haftung zu verschieben oder abzusagen.<\/li>\n<\/ul>\n\n<hr class=\"wp-block-separator has-alpha-channel-opacity\"\/>\n\n<h3 class=\"wp-block-heading has-white-color has-text-color has-link-color wp-elements-86f7684f66694cd3b12a48833bf48f03\"><strong>12. Datenschutz<\/strong><\/h3>\n\n<ul class=\"wp-block-list\">\n<li class=\"has-white-color has-text-color has-link-color wp-elements-18558e4b2fdef16df7e836705197d5f6\">Personenbezogene Daten werden ausschlie\u00dflich f\u00fcr Reservierungen erhoben und nicht an Dritte weitergegeben oder ohne Zustimmung f\u00fcr Marketingzwecke verwendet.<\/li>\n\n\n\n<li class=\"has-white-color has-text-color has-link-color wp-elements-65bb647d779d6b26007ea083301cb2ce\">Die Daten werden gem\u00e4\u00df der DSGVO-Gesetzgebung sicher gespeichert.<\/li>\n<\/ul>\n\n<hr class=\"wp-block-separator has-alpha-channel-opacity\"\/>\n\n<h3 class=\"wp-block-heading has-white-color has-text-color has-link-color wp-elements-b7a7e4d233ceb5eb0295ac7dc1ae99b9\"><strong>13. Beschwerden<\/strong><\/h3>\n\n<ul class=\"wp-block-list\">\n<li class=\"has-white-color has-text-color has-link-color wp-elements-bb2ff35ef7588b34af805c9d2fb8b28c\">Beschwerden sind innerhalb von 7 Tagen nach der Teilnahme schriftlich einzureichen.<\/li>\n\n\n\n<li class=\"has-white-color has-text-color has-link-color wp-elements-7eaeb6780ef4a8af57c93295e6010c50\">Pixel-Play wird Beschwerden innerhalb von 10 Werktagen bearbeiten und schriftlich antworten.<\/li>\n<\/ul>\n\n<hr class=\"wp-block-separator has-alpha-channel-opacity\"\/>\n\n<h3 class=\"wp-block-heading has-white-color has-text-color has-link-color wp-elements-88b7814e6bc7bfd829f8612e051f8ca5\"><strong>14. Vertraulichkeit<\/strong><\/h3>\n\n<ul class=\"wp-block-list\">\n<li class=\"has-white-color has-text-color has-link-color wp-elements-60ca9e5c5f78cce16dd91bf0f547bd24\">Vertrauliche Informationen (wie bei Kooperationen mit Standorten oder Partnern) werden nicht an Dritte weitergegeben, es sei denn, dies ist gesetzlich vorgeschrieben.<\/li>\n<\/ul>\n\n<hr class=\"wp-block-separator has-alpha-channel-opacity\"\/>\n\n<h3 class=\"wp-block-heading has-white-color has-text-color has-link-color wp-elements-6d7109babf096820e2f3137e362d1333\"><strong>15. Geistiges Eigentum<\/strong><\/h3>\n\n<ul class=\"wp-block-list\">\n<li class=\"has-white-color has-text-color has-link-color wp-elements-429a458d7327dea061fcc459be93d5b6\">Alle Konzepte, Texte, Entw\u00fcrfe, Spielregeln und Markennamen von Pixel-Play sind geistiges Eigentum von Pixel-Play B.V. und d\u00fcrfen nicht ohne Genehmigung kopiert oder nachgeahmt werden.<\/li>\n<\/ul>\n\n<hr class=\"wp-block-separator has-alpha-channel-opacity\"\/>\n\n<h3 class=\"wp-block-heading has-white-color has-text-color has-link-color wp-elements-f87c4ca3d65cb8dd01cb106d9dbeca80\"><strong>16. \u00c4nderungen<\/strong><\/h3>\n\n<ul class=\"wp-block-list\">\n<li class=\"has-white-color has-text-color has-link-color wp-elements-340bd54eaf2eeb0a2828ae4031751eca\">Pixel-Play beh\u00e4lt sich das Recht vor, diese Bedingungen zu \u00e4ndern. Ge\u00e4nderte Bedingungen werden \u00fcber die Website kommuniziert. F\u00fcr bestehende Vereinbarungen gelten weiterhin die alten Bedingungen, sofern nichts anderes vereinbart wurde.  <\/li>\n<\/ul>\n\n<hr class=\"wp-block-separator has-alpha-channel-opacity\"\/>\n\n<h3 class=\"wp-block-heading has-white-color has-text-color has-link-color wp-elements-fb45b9612da135f3b332ba49a09e3907\"><strong>17. Anwendbares Recht<\/strong><\/h3>\n\n<ul class=\"wp-block-list\">\n<li class=\"has-white-color has-text-color has-link-color wp-elements-b84dbca1e67f7468d0363b6125b3b188\">Auf diese Bedingungen findet ausschlie\u00dflich niederl\u00e4ndisches Recht Anwendung.<\/li>\n\n\n\n<li class=\"has-white-color has-text-color has-link-color wp-elements-c8b78493a81b7982dccfb7379a2a519d\">Eventuelle Streitigkeiten werden dem zust\u00e4ndigen Gericht in dem Bezirk vorgelegt, in dem Pixel-Play seinen Sitz hat.<\/li>\n<\/ul>\n\n<p><\/p>\n","protected":false},"excerpt":{"rendered":"<p>1. Definitionen In diesen allgemeinen Gesch\u00e4ftsbedingungen versteht man unter: 2. Firmenangaben Pixel-Play B.V.KvK-Nummer: 96644192USt-IdNr.: NL867696552B01Website: www.staging.pixel-play.nlE-Mail-Adresse: info@pixel-play.nl 3. Anwendbarkeit Diese Bedingungen gelten f\u00fcr alle Reservierungen, Aktivit\u00e4ten und Vereinbarungen von Pixel-Play, sofern nicht ausdr\u00fccklich schriftlich etwas anderes vereinbart wurde. 4. Aktivit\u00e4t Pixel-Play bietet ein physisches Indoor-Spielerlebnis, das f\u00fcr Kinder und Erwachsene geeignet ist und auf Teamwork, [&hellip;]<\/p>\n","protected":false},"author":5,"featured_media":0,"parent":0,"menu_order":0,"comment_status":"closed","ping_status":"closed","template":"","meta":{"footnotes":""},"class_list":["post-4811","page","type-page","status-publish","hentry"],"_links":{"self":[{"href":"https:\/\/pixel-play.nl\/de\/wp-json\/wp\/v2\/pages\/4811","targetHints":{"allow":["GET"]}}],"collection":[{"href":"https:\/\/pixel-play.nl\/de\/wp-json\/wp\/v2\/pages"}],"about":[{"href":"https:\/\/pixel-play.nl\/de\/wp-json\/wp\/v2\/types\/page"}],"author":[{"embeddable":true,"href":"https:\/\/pixel-play.nl\/de\/wp-json\/wp\/v2\/users\/5"}],"replies":[{"embeddable":true,"href":"https:\/\/pixel-play.nl\/de\/wp-json\/wp\/v2\/comments?post=4811"}],"version-history":[{"count":0,"href":"https:\/\/pixel-play.nl\/de\/wp-json\/wp\/v2\/pages\/4811\/revisions"}],"wp:attachment":[{"href":"https:\/\/pixel-play.nl\/de\/wp-json\/wp\/v2\/media?parent=4811"}],"curies":[{"name":"wp","href":"https:\/\/api.w.org\/{rel}","templated":true}]}}