{"id":4892,"date":"2024-01-15T18:38:42","date_gmt":"2024-01-15T17:38:42","guid":{"rendered":"https:\/\/pixel-play.nl\/faq\/"},"modified":"2025-12-01T10:02:15","modified_gmt":"2025-12-01T09:02:15","slug":"faq","status":"publish","type":"page","link":"https:\/\/pixel-play.nl\/de\/faq\/","title":{"rendered":"FAQ"},"content":{"rendered":"\t\t<div data-elementor-type=\"wp-page\" data-elementor-id=\"4892\" class=\"elementor elementor-4892 elementor-1575\" data-elementor-post-type=\"page\">\n\t\t\t\t\t\t<section class=\"elementor-section elementor-top-section elementor-element elementor-element-a0f5400 elementor-section-boxed elementor-section-height-default elementor-section-height-default\" data-id=\"a0f5400\" data-element_type=\"section\" data-e-type=\"section\">\n\t\t\t\t\t\t<div class=\"elementor-container elementor-column-gap-default\">\n\t\t\t\t\t<div class=\"aux-parallax-section elementor-column elementor-col-100 elementor-top-column elementor-element elementor-element-af0c3c1\" data-id=\"af0c3c1\" data-element_type=\"column\" data-e-type=\"column\">\n\t\t\t<div class=\"elementor-widget-wrap elementor-element-populated\">\n\t\t\t\t\t\t<div class=\"elementor-element elementor-element-1f1ae42 aux-appear-watch-animation aux-fade-in elementor-widget elementor-widget-aux_modern_heading\" data-id=\"1f1ae42\" data-element_type=\"widget\" data-e-type=\"widget\" data-widget_type=\"aux_modern_heading.default\">\n\t\t\t\t<div class=\"elementor-widget-container\">\n\t\t\t\t\t<section class=\"aux-widget-modern-heading\">\n            <div class=\"aux-widget-inner\"><h3 class=\"aux-modern-heading-primary\">H\u00e4ufig gestellte <span>Fragen<\/span><\/h3><h2 class=\"aux-modern-heading-secondary\"><span class=\"aux-head-highlight\">FAQ<\/span><\/h2><div class=\"aux-modern-heading-description\"><div class=\"flex max-w-full flex-col flex-grow\"><div class=\"min-h-8 text-message flex w-full flex-col items-end gap-2 whitespace-normal break-words text-start [.text-message+&amp;]:mt-5\" dir=\"auto\" data-message-author-role=\"assistant\" data-message-id=\"79112c9a-b49f-4c63-9141-fa6e993a40dc\" data-message-model-slug=\"gpt-4o\"><div class=\"flex w-full flex-col gap-1 empty:hidden first:pt-[3px]\"><div class=\"markdown prose w-full break-words dark:prose-invert light\"><p>Entdecke hier die Antworten auf die h\u00e4ufigsten Fragen unserer Besucher.<\/p><\/div><\/div><\/div><\/div><\/div><\/div>\n        <\/section>\t\t\t\t<\/div>\n\t\t\t\t<\/div>\n\t\t\t\t\t<\/div>\n\t\t<\/div>\n\t\t\t\t\t<\/div>\n\t\t<\/section>\n\t\t\t\t<section class=\"elementor-section elementor-top-section elementor-element elementor-element-8bdedcb elementor-section-boxed elementor-section-height-default elementor-section-height-default\" data-id=\"8bdedcb\" data-element_type=\"section\" data-e-type=\"section\">\n\t\t\t\t\t\t<div class=\"elementor-container elementor-column-gap-default\">\n\t\t\t\t\t<div class=\"aux-parallax-section elementor-column elementor-col-100 elementor-top-column elementor-element elementor-element-388feb4\" data-id=\"388feb4\" data-element_type=\"column\" data-e-type=\"column\">\n\t\t\t<div class=\"elementor-widget-wrap elementor-element-populated\">\n\t\t\t\t\t\t<div class=\"elementor-element elementor-element-b845648 elementor-widget-divider--view-line elementor-widget elementor-widget-divider\" data-id=\"b845648\" data-element_type=\"widget\" data-e-type=\"widget\" data-widget_type=\"divider.default\">\n\t\t\t\t<div class=\"elementor-widget-container\">\n\t\t\t\t\t\t\t<div class=\"elementor-divider\">\n\t\t\t<span class=\"elementor-divider-separator\">\n\t\t\t\t\t\t<\/span>\n\t\t<\/div>\n\t\t\t\t\t\t<\/div>\n\t\t\t\t<\/div>\n\t\t\t\t\t<\/div>\n\t\t<\/div>\n\t\t\t\t\t<\/div>\n\t\t<\/section>\n\t\t\t\t<section class=\"elementor-section elementor-top-section elementor-element elementor-element-4992b3e elementor-section-boxed elementor-section-height-default elementor-section-height-default\" data-id=\"4992b3e\" data-element_type=\"section\" data-e-type=\"section\">\n\t\t\t\t\t\t<div class=\"elementor-container elementor-column-gap-default\">\n\t\t\t\t\t<div class=\"aux-parallax-section elementor-column elementor-col-100 elementor-top-column elementor-element elementor-element-63cc3c6\" data-id=\"63cc3c6\" data-element_type=\"column\" data-e-type=\"column\">\n\t\t\t<div class=\"elementor-widget-wrap elementor-element-populated\">\n\t\t\t\t\t\t<div class=\"elementor-element elementor-element-74bd27b elementor-widget elementor-widget-spacer\" data-id=\"74bd27b\" data-element_type=\"widget\" data-e-type=\"widget\" data-widget_type=\"spacer.default\">\n\t\t\t\t<div class=\"elementor-widget-container\">\n\t\t\t\t\t\t\t<div class=\"elementor-spacer\">\n\t\t\t<div class=\"elementor-spacer-inner\"><\/div>\n\t\t<\/div>\n\t\t\t\t\t\t<\/div>\n\t\t\t\t<\/div>\n\t\t\t\t\t<\/div>\n\t\t<\/div>\n\t\t\t\t\t<\/div>\n\t\t<\/section>\n\t\t\t\t<section class=\"elementor-section elementor-top-section elementor-element elementor-element-18f04f4 elementor-section-boxed elementor-section-height-default elementor-section-height-default\" data-id=\"18f04f4\" data-element_type=\"section\" data-e-type=\"section\">\n\t\t\t\t\t\t<div class=\"elementor-container elementor-column-gap-default\">\n\t\t\t\t\t<div class=\"aux-parallax-section elementor-column elementor-col-100 elementor-top-column elementor-element elementor-element-75515a3\" data-id=\"75515a3\" data-element_type=\"column\" data-e-type=\"column\">\n\t\t\t<div class=\"elementor-widget-wrap elementor-element-populated\">\n\t\t\t\t\t\t<div class=\"elementor-element elementor-element-6903b90 elementor-widget elementor-widget-aux_accordion\" data-id=\"6903b90\" data-element_type=\"widget\" data-e-type=\"widget\" data-widget_type=\"aux_accordion.default\">\n\t\t\t\t<div class=\"elementor-widget-container\">\n\t\t\t\t\t<section class=\"widget-container aux-widget-accordion widget-toggle aux-parent-auccc037c2\" style=\"\" ><div class=\"widget-inner  aux-type-toggle\" data-toggle=\"true\"><section class=\"aux-toggle-item\"><h5 id=\"aux-toggle-header-1101\" class=\"aux-toggle-header toggle-header\" tabindex=\"1101\" role=\"tab\" aria-controls=\"aux-toggle-content-1101\" >Ich m\u00f6chte meine Reservierung \u00e4ndern, geht das?<\/h5><div id=\"aux-toggle-content-1101\" class=\"aux-toggle-content toggle-content\" tabindex=\"1101\" role=\"tabpanel\" aria-labelledby=\"aux-toggle-header-1101\" ><p>Alle Reservierungen werden von unseren Partnern betreut. Wenn du eine \u00c4nderung vornehmen m\u00f6chtest, kontaktiere bitte direkt den jeweiligen Partner. Gehe auf die Seite \u201e<a href=\"https:\/\/pixel-play.nl\/de\/standorte\/\">Standorte<\/a>\u201c auf unserer Website, w\u00e4hle den Standort aus und dort findest du, an welchen Partner du dich mit all deinen Fragen zu deinen Reservierungen wenden kannst.  \n<\/p><\/div><\/section><section class=\"aux-toggle-item\"><h5 id=\"aux-toggle-header-1102\" class=\"aux-toggle-header toggle-header\" tabindex=\"1102\" role=\"tab\" aria-controls=\"aux-toggle-content-1102\" >Was ist das Mindestalter f\u00fcr Pixel-Play?<\/h5><div id=\"aux-toggle-content-1102\" class=\"aux-toggle-content toggle-content\" tabindex=\"1102\" role=\"tabpanel\" aria-labelledby=\"aux-toggle-header-1102\" ><p>Wir k\u00f6nnen den Schwierigkeitsgrad in 3 Stufen anpassen (einfach, mittel oder schwer). Dadurch ist Pixel-Play bereits ab 6 Jahren spielbar. \n<\/p><\/div><\/section><section class=\"aux-toggle-item\"><h5 id=\"aux-toggle-header-1103\" class=\"aux-toggle-header toggle-header\" tabindex=\"1103\" role=\"tab\" aria-controls=\"aux-toggle-content-1103\" >Woher wissen die Spieler, dass das Spiel beendet ist?<\/h5><div id=\"aux-toggle-content-1103\" class=\"aux-toggle-content toggle-content\" tabindex=\"1103\" role=\"tabpanel\" aria-labelledby=\"aux-toggle-header-1103\" ><p>Unsere Software ist so konzipiert, dass die Spieler w\u00e4hrend des Spiels akustisch \u00fcber den Spielstatus informiert werden. Wenn das Spiel beendet ist, werden die Spieler gebeten, den Spielbereich zu verlassen. \n<\/p><\/div><\/section><section class=\"aux-toggle-item\"><h5 id=\"aux-toggle-header-1104\" class=\"aux-toggle-header toggle-header\" tabindex=\"1104\" role=\"tab\" aria-controls=\"aux-toggle-content-1104\" >Wie funktioniert das Spiel?<\/h5><div id=\"aux-toggle-content-1104\" class=\"aux-toggle-content toggle-content\" tabindex=\"1104\" role=\"tabpanel\" aria-labelledby=\"aux-toggle-header-1104\" ><p>Du folgst den Anweisungen zu Beginn und spielst ein interaktives Spiel mit verschiedenen Herausforderungen. Im Boden befinden sich Sensoren, die falsche Schritte registrieren. \n<\/p><\/div><\/section><section class=\"aux-toggle-item\"><h5 id=\"aux-toggle-header-1105\" class=\"aux-toggle-header toggle-header\" tabindex=\"1105\" role=\"tab\" aria-controls=\"aux-toggle-content-1105\" >Wie viele Spieler k\u00f6nnen mitmachen?<\/h5><div id=\"aux-toggle-content-1105\" class=\"aux-toggle-content toggle-content\" tabindex=\"1105\" role=\"tabpanel\" aria-labelledby=\"aux-toggle-header-1105\" ><p>Je nach gew\u00e4hltem Spieltyp k\u00f6nnen 2 bis 5 Spieler pro Team spielen. Selbstverst\u00e4ndlich kannst du mehrere Runden buchen und euch abwechseln. \n<\/p><\/div><\/section><section class=\"aux-toggle-item\"><h5 id=\"aux-toggle-header-1106\" class=\"aux-toggle-header toggle-header\" tabindex=\"1106\" role=\"tab\" aria-controls=\"aux-toggle-content-1106\" >Kann ich auch alleine spielen?<\/h5><div id=\"aux-toggle-content-1106\" class=\"aux-toggle-content toggle-content\" tabindex=\"1106\" role=\"tabpanel\" aria-labelledby=\"aux-toggle-header-1106\" ><p>Pixel-Play ist ab 2 Personen buchbar!\n<\/p><\/div><\/section><section class=\"aux-toggle-item\"><h5 id=\"aux-toggle-header-1107\" class=\"aux-toggle-header toggle-header\" tabindex=\"1107\" role=\"tab\" aria-controls=\"aux-toggle-content-1107\" >Muss ich im Voraus reservieren?<\/h5><div id=\"aux-toggle-content-1107\" class=\"aux-toggle-content toggle-content\" tabindex=\"1107\" role=\"tabpanel\" aria-labelledby=\"aux-toggle-header-1107\" ><p>Eine Reservierung wird empfohlen, um dir einen Platz zu sichern. Dies kannst du \u00fcber den Reservierungs-Button auf unserer Website tun. Du wirst dann zum richtigen Standort weitergeleitet!  \n<\/p><\/div><\/section><\/div><\/section><!-- widget-container -->\t\t\t\t<\/div>\n\t\t\t\t<\/div>\n\t\t\t\t\t<\/div>\n\t\t<\/div>\n\t\t\t\t\t<\/div>\n\t\t<\/section>\n\t\t\t\t<section class=\"elementor-section elementor-top-section elementor-element elementor-element-6f63895 elementor-section-boxed elementor-section-height-default elementor-section-height-default\" data-id=\"6f63895\" data-element_type=\"section\" data-e-type=\"section\">\n\t\t\t\t\t\t<div class=\"elementor-container elementor-column-gap-default\">\n\t\t\t\t\t<div class=\"aux-parallax-section elementor-column elementor-col-33 elementor-top-column elementor-element elementor-element-eab39bb\" data-id=\"eab39bb\" data-element_type=\"column\" data-e-type=\"column\">\n\t\t\t<div class=\"elementor-widget-wrap\">\n\t\t\t\t\t\t\t<\/div>\n\t\t<\/div>\n\t\t\t\t<div class=\"aux-parallax-section elementor-column elementor-col-33 elementor-top-column elementor-element elementor-element-2fdc655\" data-id=\"2fdc655\" data-element_type=\"column\" data-e-type=\"column\">\n\t\t\t<div class=\"elementor-widget-wrap elementor-element-populated\">\n\t\t\t\t\t\t<div class=\"elementor-element elementor-element-115619a elementor-align-center elementor-widget elementor-widget-button\" data-id=\"115619a\" data-element_type=\"widget\" data-e-type=\"widget\" data-widget_type=\"button.default\">\n\t\t\t\t<div class=\"elementor-widget-container\">\n\t\t\t\t\t\t\t\t\t<div class=\"elementor-button-wrapper\">\n\t\t\t\t\t<a class=\"elementor-button elementor-button-link elementor-size-xl\" href=\"https:\/\/pixel-play.nl\/de\/reservieren\/\">\n\t\t\t\t\t\t<span class=\"elementor-button-content-wrapper\">\n\t\t\t\t\t\t\t\t\t<span class=\"elementor-button-text\">Jetzt buchen<\/span>\n\t\t\t\t\t<\/span>\n\t\t\t\t\t<\/a>\n\t\t\t\t<\/div>\n\t\t\t\t\t\t\t\t<\/div>\n\t\t\t\t<\/div>\n\t\t\t\t\t<\/div>\n\t\t<\/div>\n\t\t\t\t<div class=\"aux-parallax-section elementor-column elementor-col-33 elementor-top-column elementor-element elementor-element-94a2ff5\" data-id=\"94a2ff5\" data-element_type=\"column\" data-e-type=\"column\">\n\t\t\t<div class=\"elementor-widget-wrap\">\n\t\t\t\t\t\t\t<\/div>\n\t\t<\/div>\n\t\t\t\t\t<\/div>\n\t\t<\/section>\n\t\t\t\t<\/div>\n\t\t","protected":false},"excerpt":{"rendered":"<p>H\u00e4ufig gestellte Fragen FAQ Entdecke hier die Antworten auf die h\u00e4ufigsten Fragen unserer Besucher. Ich m\u00f6chte meine Reservierung \u00e4ndern, geht das? Alle Reservierungen werden von unseren Partnern betreut. Wenn du eine \u00c4nderung vornehmen m\u00f6chtest, kontaktiere bitte direkt den jeweiligen Partner. Gehe auf die Seite \u201eStandorte\u201c auf unserer Website, w\u00e4hle den Standort aus und dort findest [&hellip;]<\/p>\n","protected":false},"author":5,"featured_media":4690,"parent":0,"menu_order":0,"comment_status":"closed","ping_status":"closed","template":"","meta":{"footnotes":""},"class_list":["post-4892","page","type-page","status-publish","has-post-thumbnail","hentry"],"_links":{"self":[{"href":"https:\/\/pixel-play.nl\/de\/wp-json\/wp\/v2\/pages\/4892","targetHints":{"allow":["GET"]}}],"collection":[{"href":"https:\/\/pixel-play.nl\/de\/wp-json\/wp\/v2\/pages"}],"about":[{"href":"https:\/\/pixel-play.nl\/de\/wp-json\/wp\/v2\/types\/page"}],"author":[{"embeddable":true,"href":"https:\/\/pixel-play.nl\/de\/wp-json\/wp\/v2\/users\/5"}],"replies":[{"embeddable":true,"href":"https:\/\/pixel-play.nl\/de\/wp-json\/wp\/v2\/comments?post=4892"}],"version-history":[{"count":2,"href":"https:\/\/pixel-play.nl\/de\/wp-json\/wp\/v2\/pages\/4892\/revisions"}],"predecessor-version":[{"id":5422,"href":"https:\/\/pixel-play.nl\/de\/wp-json\/wp\/v2\/pages\/4892\/revisions\/5422"}],"wp:featuredmedia":[{"embeddable":true,"href":"https:\/\/pixel-play.nl\/de\/wp-json\/wp\/v2\/media\/4690"}],"wp:attachment":[{"href":"https:\/\/pixel-play.nl\/de\/wp-json\/wp\/v2\/media?parent=4892"}],"curies":[{"name":"wp","href":"https:\/\/api.w.org\/{rel}","templated":true}]}}